{"id":54,"date":"2025-03-11T13:22:25","date_gmt":"2025-03-11T11:22:25","guid":{"rendered":"https:\/\/wpschool.odnd.cz\/?page_id=54"},"modified":"2025-03-11T13:27:43","modified_gmt":"2025-03-11T11:27:43","slug":"historie-mesta-roztoky","status":"publish","type":"page","link":"https:\/\/wpschool.odnd.cz\/?page_id=54","title":{"rendered":"Historie m\u011bsta Roztoky"},"content":{"rendered":"\n<figure class=\"wp-block-image size-full\"><img decoding=\"async\" width=\"220\" height=\"169\" src=\"https:\/\/wpschool.odnd.cz\/wp-content\/uploads\/2025\/03\/Kostel_sv_klimenta_od_v.jpg\" alt=\"\" class=\"wp-image-71\"\/><figcaption class=\"wp-element-caption\">Kostel svat\u00e9ho klimenta na lev\u00e9m hradci<\/figcaption><\/figure>\n\n\n\n<p>Prvn\u00ed p\u00edsemn\u00e1 zm\u00ednka o&nbsp;Roztok\u00e1ch se nach\u00e1z\u00ed v&nbsp;panovnick\u00e9 listin\u011b z&nbsp;roku <a href=\"https:\/\/cs.wikipedia.org\/wiki\/1233\">1233<\/a>, ve kter\u00e9 byl zmi\u0148ov\u00e1n i <a href=\"https:\/\/cs.wikipedia.org\/w\/index.php?title=Petr_z_Roztok&amp;action=edit&amp;redlink=1\">Petr z Roztok<\/a>,<sup><a href=\"https:\/\/cs.wikipedia.org\/wiki\/Roztoky_(okres_Praha-z%C3%A1pad)#cite_note-historieMU-4\">[4]<\/a><\/sup> podle archeologick\u00fdch n\u00e1lez\u016f ov\u0161em bylo \u00fazem\u00ed Roztok os\u00eddleno nep\u0159etr\u017eit\u011b od mlad\u0161\u00ed <a href=\"https:\/\/cs.wikipedia.org\/wiki\/Doba_kamenn%C3%A1\">doby kamenn\u00e9<\/a> do ran\u00e9ho st\u0159edov\u011bku (archeologick\u00e9 lokality <a href=\"https:\/\/cs.wikipedia.org\/wiki\/Lev%C3%BD_Hradec\">Lev\u00fd Hradec<\/a> a rozs\u00e1hl\u00e9 slovansk\u00e9 os\u00eddlen\u00ed na b\u0159ehu Vltavy, u&nbsp;\u017eelezni\u010dn\u00edho p\u0159ejezdu ve sm\u011bru na Prahu, v&nbsp;m\u00edst\u011b silni\u010dn\u00ed p\u0159elo\u017eky).<\/p>\n\n\n\n<p>V letech 1945\u20131948 byla necitliv\u011b v sousedstv\u00ed Roztock\u00e9ho z\u00e1me\u010dku vybudov\u00e1na \u201ePenicilinka\u201c, tov\u00e1rna na v\u00fdrobu <a href=\"https:\/\/cs.wikipedia.org\/wiki\/Penicilin\">penicilinu<\/a>, pozd\u011bj\u0161\u00ed <a href=\"https:\/\/cs.wikipedia.org\/w\/index.php?title=V%C3%BDzkumn%C3%BD_%C3%BAstav_antibiotik_a_biotransformac%C3%AD&amp;action=edit&amp;redlink=1\">V\u00fdzkumn\u00fd \u00fastav antibiotik a biotransformac\u00ed<\/a>.<sup><a href=\"https:\/\/cs.wikipedia.org\/wiki\/Roztoky_(okres_Praha-z%C3%A1pad)#cite_note-historieMU-4\">[4]<\/a><\/sup> V roce 1960 se Roztoky spojily s obc\u00ed \u017dalov a v roce 1968 byly pov\u00fd\u0161eny na m\u011bsto.<\/p>\n\n\n\n<h3 class=\"wp-block-heading\" id=\"Sou\u010dasnost\">Sou\u010dasnost<\/h3>\n\n\n\n<p>Od roku 2005 vznik\u00e1 v&nbsp;Roztok\u00e1ch nov\u00e1 \u010dtvr\u0165 Soln\u00edky. Na m\u00edst\u011b b\u00fdval\u00e9ho pole na severoz\u00e1pad od centra vyrostlo n\u011bkolik obytn\u00fdch dom\u016f a na v\u00edce ne\u017e 200 pozemc\u00edch se stav\u00ed rodinn\u00e9 domy a pl\u00e1nuje se jejich dostavba. V\u00fdstavba v\u0161ak prob\u00edh\u00e1 i v&nbsp;jin\u00fdch \u010d\u00e1stech Roztok \u2013 nap\u0159. v&nbsp;\u017dalov\u011b prob\u00edh\u00e1 v\u00fdstavba nov\u00e9 \u010d\u00e1sti Panensk\u00e1 a chyst\u00e1 se dal\u0161\u00ed v\u00fdstavba nov\u00e9 \u010d\u00e1sti zvan\u00e1 Dube\u010dnice, kter\u00e1 vyroste za zast\u00e1vkou U&nbsp;rybn\u00ed\u010dku.<sup><a href=\"https:\/\/cs.wikipedia.org\/wiki\/Roztoky_(okres_Praha-z%C3%A1pad)#cite_note-5\">[5]<\/a><\/sup><\/p>\n\n\n\n<p>Z&nbsp;Roztok do centra Prahy trv\u00e1 cesta krat\u0161\u00ed dobu ne\u017e z&nbsp;n\u011bkter\u00fdch \u010d\u00e1st\u00ed Prahy (vlakem 17 minut). Proto se Roztoky st\u00e1vaj\u00ed satelitn\u00edm s\u00eddli\u0161t\u011bm Prahy.<\/p>\n","protected":false},"excerpt":{"rendered":"<p>Prvn\u00ed p\u00edsemn\u00e1 zm\u00ednka o&nbsp;Roztok\u00e1ch se nach\u00e1z\u00ed v&nbsp;panovnick\u00e9 listin\u011b z&nbsp;roku 1233, ve kter\u00e9 byl zmi\u0148ov\u00e1n i Petr z Roztok,[4] podle archeologick\u00fdch n\u00e1lez\u016f ov\u0161em bylo \u00fazem\u00ed Roztok os\u00eddleno nep\u0159etr\u017eit\u011b od mlad\u0161\u00ed doby [&hellip;]<\/p>\n","protected":false},"author":1,"featured_media":0,"parent":0,"menu_order":0,"comment_status":"closed","ping_status":"closed","template":"","meta":{"footnotes":""},"class_list":["post-54","page","type-page","status-publish","hentry"],"_links":{"self":[{"href":"https:\/\/wpschool.odnd.cz\/index.php?rest_route=\/wp\/v2\/pages\/54","targetHints":{"allow":["GET"]}}],"collection":[{"href":"https:\/\/wpschool.odnd.cz\/index.php?rest_route=\/wp\/v2\/pages"}],"about":[{"href":"https:\/\/wpschool.odnd.cz\/index.php?rest_route=\/wp\/v2\/types\/page"}],"author":[{"embeddable":true,"href":"https:\/\/wpschool.odnd.cz\/index.php?rest_route=\/wp\/v2\/users\/1"}],"replies":[{"embeddable":true,"href":"https:\/\/wpschool.odnd.cz\/index.php?rest_route=%2Fwp%2Fv2%2Fcomments&post=54"}],"version-history":[{"count":2,"href":"https:\/\/wpschool.odnd.cz\/index.php?rest_route=\/wp\/v2\/pages\/54\/revisions"}],"predecessor-version":[{"id":72,"href":"https:\/\/wpschool.odnd.cz\/index.php?rest_route=\/wp\/v2\/pages\/54\/revisions\/72"}],"wp:attachment":[{"href":"https:\/\/wpschool.odnd.cz\/index.php?rest_route=%2Fwp%2Fv2%2Fmedia&parent=54"}],"curies":[{"name":"wp","href":"https:\/\/api.w.org\/{rel}","templated":true}]}}