{"id":56,"date":"2025-03-11T13:22:39","date_gmt":"2025-03-11T11:22:39","guid":{"rendered":"https:\/\/wpschool.odnd.cz\/?page_id=56"},"modified":"2025-03-11T14:12:38","modified_gmt":"2025-03-11T12:12:38","slug":"informace","status":"publish","type":"page","link":"https:\/\/wpschool.odnd.cz\/?page_id=56","title":{"rendered":"Informace"},"content":{"rendered":"\n<p>Roztoky u Prahy je m\u011bsto ve St\u0159edo\u010desk\u00e9m kraji, nach\u00e1zej\u00edc\u00ed se p\u0159ibli\u017en\u011b 10 kilometr\u016f severn\u011b od centra Prahy, na lev\u00e9m b\u0159ehu \u0159eky Vltavy. M\u011bsto le\u017e\u00ed v okrese Praha-z\u00e1pad a k 1. lednu 2024 m\u011blo p\u0159ibli\u017en\u011b 9 034 obyvatel<\/p>\n\n\n\n<p>Prvn\u00ed p\u00edsemn\u00e1 zm\u00ednka o Roztok\u00e1ch poch\u00e1z\u00ed z roku 1233. D\u00edky sv\u00e9 poloze bl\u00edzko Prahy se m\u011bsto stalo obl\u00edben\u00fdm m\u00edstem pro v\u00fdlety a rekreaci. V 19. stolet\u00ed zde vznikla \u0159ada vil a letn\u00edch s\u00eddel pra\u017esk\u00fdch m\u011b\u0161\u0165an\u016f.<\/p>\n\n\n\n<p><strong>Pam\u011btihodnosti:<\/strong><\/p>\n\n\n\n<ul class=\"wp-block-list\">\n<li><strong>Lev\u00fd Hradec:<\/strong> Archeologick\u00e1 lokalita s poz\u016fstatky slovansk\u00e9ho hradi\u0161t\u011b, kde kn\u00ed\u017ee Bo\u0159ivoj I. nechal postavit prvn\u00ed k\u0159es\u0165ansk\u00fd kostel v \u010cech\u00e1ch, zasv\u011bcen\u00fd sv. Klimentovi.<\/li>\n\n\n\n<li><strong>Z\u00e1mek Roztoky:<\/strong> P\u016fvodn\u011b renesan\u010dn\u00ed z\u00e1mek, kter\u00fd byl v pr\u016fb\u011bhu stalet\u00ed n\u011bkolikr\u00e1t p\u0159estavov\u00e1n. Dnes zde s\u00eddl\u00ed St\u0159edo\u010desk\u00e9 muzeum s bohat\u00fdmi sb\u00edrkami zam\u011b\u0159en\u00fdmi na historii a um\u011bn\u00ed regionu.<\/li>\n\n\n\n<li><strong>Tich\u00e9 \u00fadol\u00ed:<\/strong> Malebn\u00e9 \u00fadol\u00ed potoka \u00dan\u011btick\u00e9ho potoka, obl\u00edben\u00e9 m\u00edsto pro proch\u00e1zky a v\u00fdlety, s n\u011bkolika historick\u00fdmi ml\u00fdny a vilami.<\/li>\n<\/ul>\n\n\n\n<p><strong>Doprava:<\/strong><\/p>\n\n\n\n<p>Roztoky jsou dob\u0159e dostupn\u00e9 d\u00edky \u017eelezni\u010dn\u00ed trati spojuj\u00edc\u00ed Prahu s \u00dast\u00edm nad Labem p\u0159es Kralupy nad Vltavou. M\u011bsto m\u00e1 tak\u00e9 dobr\u00e9 silni\u010dn\u00ed spojen\u00ed s Prahou a okoln\u00edmi obcemi.<\/p>\n\n\n\n<p>D\u00edky sv\u00e9 bohat\u00e9 historii, kulturn\u00edm pam\u00e1tk\u00e1m a bl\u00edzkosti k Praze jsou Roztoky atraktivn\u00edm m\u00edstem pro \u017eivot i n\u00e1v\u0161t\u011bvu.<\/p>\n\n\n\n<p><\/p>\n","protected":false},"excerpt":{"rendered":"<p>Roztoky u Prahy je m\u011bsto ve St\u0159edo\u010desk\u00e9m kraji, nach\u00e1zej\u00edc\u00ed se p\u0159ibli\u017en\u011b 10 kilometr\u016f severn\u011b od centra Prahy, na lev\u00e9m b\u0159ehu \u0159eky Vltavy. M\u011bsto le\u017e\u00ed v okrese Praha-z\u00e1pad a k 1. [&hellip;]<\/p>\n","protected":false},"author":1,"featured_media":0,"parent":0,"menu_order":0,"comment_status":"closed","ping_status":"closed","template":"","meta":{"footnotes":""},"class_list":["post-56","page","type-page","status-publish","hentry"],"_links":{"self":[{"href":"https:\/\/wpschool.odnd.cz\/index.php?rest_route=\/wp\/v2\/pages\/56","targetHints":{"allow":["GET"]}}],"collection":[{"href":"https:\/\/wpschool.odnd.cz\/index.php?rest_route=\/wp\/v2\/pages"}],"about":[{"href":"https:\/\/wpschool.odnd.cz\/index.php?rest_route=\/wp\/v2\/types\/page"}],"author":[{"embeddable":true,"href":"https:\/\/wpschool.odnd.cz\/index.php?rest_route=\/wp\/v2\/users\/1"}],"replies":[{"embeddable":true,"href":"https:\/\/wpschool.odnd.cz\/index.php?rest_route=%2Fwp%2Fv2%2Fcomments&post=56"}],"version-history":[{"count":2,"href":"https:\/\/wpschool.odnd.cz\/index.php?rest_route=\/wp\/v2\/pages\/56\/revisions"}],"predecessor-version":[{"id":108,"href":"https:\/\/wpschool.odnd.cz\/index.php?rest_route=\/wp\/v2\/pages\/56\/revisions\/108"}],"wp:attachment":[{"href":"https:\/\/wpschool.odnd.cz\/index.php?rest_route=%2Fwp%2Fv2%2Fmedia&parent=56"}],"curies":[{"name":"wp","href":"https:\/\/api.w.org\/{rel}","templated":true}]}}