{"id":58,"date":"2025-03-11T13:22:59","date_gmt":"2025-03-11T11:22:59","guid":{"rendered":"https:\/\/wpschool.odnd.cz\/?page_id=58"},"modified":"2025-03-11T14:10:06","modified_gmt":"2025-03-11T12:10:06","slug":"kontakty","status":"publish","type":"page","link":"https:\/\/wpschool.odnd.cz\/?page_id=58","title":{"rendered":"Kontakty"},"content":{"rendered":"\n<p>Pro informace o odvozu odpadu v Roztok\u00e1ch m\u016f\u017eete kontaktovat M\u011bstsk\u00fd \u00fa\u0159ad Roztoky:<\/p>\n\n\n\n<ul class=\"wp-block-list\">\n<li><strong>Adresa:<\/strong> N\u00e1m. 5. kv\u011btna 2, 252 63 Roztoky<\/li>\n\n\n\n<li><strong>Telefon (\u00fast\u0159edna):<\/strong> 220 400 211<\/li>\n\n\n\n<li><strong>E-mail:<\/strong> <a>mu@roztoky.cz<\/a><\/li>\n<\/ul>\n\n\n\n<p><\/p>\n","protected":false},"excerpt":{"rendered":"<p>Pro informace o odvozu odpadu v Roztok\u00e1ch m\u016f\u017eete kontaktovat M\u011bstsk\u00fd \u00fa\u0159ad Roztoky:<\/p>\n","protected":false},"author":1,"featured_media":0,"parent":0,"menu_order":0,"comment_status":"closed","ping_status":"closed","template":"","meta":{"footnotes":""},"class_list":["post-58","page","type-page","status-publish","hentry"],"_links":{"self":[{"href":"https:\/\/wpschool.odnd.cz\/index.php?rest_route=\/wp\/v2\/pages\/58","targetHints":{"allow":["GET"]}}],"collection":[{"href":"https:\/\/wpschool.odnd.cz\/index.php?rest_route=\/wp\/v2\/pages"}],"about":[{"href":"https:\/\/wpschool.odnd.cz\/index.php?rest_route=\/wp\/v2\/types\/page"}],"author":[{"embeddable":true,"href":"https:\/\/wpschool.odnd.cz\/index.php?rest_route=\/wp\/v2\/users\/1"}],"replies":[{"embeddable":true,"href":"https:\/\/wpschool.odnd.cz\/index.php?rest_route=%2Fwp%2Fv2%2Fcomments&post=58"}],"version-history":[{"count":2,"href":"https:\/\/wpschool.odnd.cz\/index.php?rest_route=\/wp\/v2\/pages\/58\/revisions"}],"predecessor-version":[{"id":107,"href":"https:\/\/wpschool.odnd.cz\/index.php?rest_route=\/wp\/v2\/pages\/58\/revisions\/107"}],"wp:attachment":[{"href":"https:\/\/wpschool.odnd.cz\/index.php?rest_route=%2Fwp%2Fv2%2Fmedia&parent=58"}],"curies":[{"name":"wp","href":"https:\/\/api.w.org\/{rel}","templated":true}]}}