{"id":60,"date":"2025-03-11T13:23:17","date_gmt":"2025-03-11T11:23:17","guid":{"rendered":"https:\/\/wpschool.odnd.cz\/?page_id=60"},"modified":"2025-03-11T14:05:37","modified_gmt":"2025-03-11T12:05:37","slug":"odvoz-odpadu","status":"publish","type":"page","link":"https:\/\/wpschool.odnd.cz\/?page_id=60","title":{"rendered":"Odvoz odpadu"},"content":{"rendered":"\n<p>Cen\u00edk odvozu odpadu platn\u00fd pro rok 2025:<\/p>\n\n\n\n<figure class=\"wp-block-table\"><table class=\"has-fixed-layout\"><tbody><tr><td><\/td><td>Standard<\/td><td>Senior<\/td><\/tr><tr><td>Sm\u011bsn\u00fd odpad<\/td><td>750 k\u010d \/ osoba<\/td><td>500 k\u010d \/ osoba<\/td><\/tr><tr><td>Recyklace plasty<\/td><td>200 k\u010d \/ osoba<\/td><td>150 k\u010d \/ osoba<\/td><\/tr><\/tbody><\/table><\/figure>\n","protected":false},"excerpt":{"rendered":"<p>Cen\u00edk odvozu odpadu platn\u00fd pro rok 2025: Standard Senior Sm\u011bsn\u00fd odpad 750 k\u010d \/ osoba 500 k\u010d \/ osoba Recyklace plasty 200 k\u010d \/ osoba 150 k\u010d \/ osoba<\/p>\n","protected":false},"author":1,"featured_media":0,"parent":0,"menu_order":0,"comment_status":"closed","ping_status":"closed","template":"","meta":{"footnotes":""},"class_list":["post-60","page","type-page","status-publish","hentry"],"_links":{"self":[{"href":"https:\/\/wpschool.odnd.cz\/index.php?rest_route=\/wp\/v2\/pages\/60","targetHints":{"allow":["GET"]}}],"collection":[{"href":"https:\/\/wpschool.odnd.cz\/index.php?rest_route=\/wp\/v2\/pages"}],"about":[{"href":"https:\/\/wpschool.odnd.cz\/index.php?rest_route=\/wp\/v2\/types\/page"}],"author":[{"embeddable":true,"href":"https:\/\/wpschool.odnd.cz\/index.php?rest_route=\/wp\/v2\/users\/1"}],"replies":[{"embeddable":true,"href":"https:\/\/wpschool.odnd.cz\/index.php?rest_route=%2Fwp%2Fv2%2Fcomments&post=60"}],"version-history":[{"count":3,"href":"https:\/\/wpschool.odnd.cz\/index.php?rest_route=\/wp\/v2\/pages\/60\/revisions"}],"predecessor-version":[{"id":103,"href":"https:\/\/wpschool.odnd.cz\/index.php?rest_route=\/wp\/v2\/pages\/60\/revisions\/103"}],"wp:attachment":[{"href":"https:\/\/wpschool.odnd.cz\/index.php?rest_route=%2Fwp%2Fv2%2Fmedia&parent=60"}],"curies":[{"name":"wp","href":"https:\/\/api.w.org\/{rel}","templated":true}]}}