{"id":64,"date":"2025-03-11T13:24:20","date_gmt":"2025-03-11T11:24:20","guid":{"rendered":"https:\/\/wpschool.odnd.cz\/?page_id=64"},"modified":"2025-03-11T14:07:28","modified_gmt":"2025-03-11T12:07:28","slug":"spolecenske-organizace","status":"publish","type":"page","link":"https:\/\/wpschool.odnd.cz\/?page_id=64","title":{"rendered":"Spole\u010densk\u00e9 organizace"},"content":{"rendered":"\n<p>N\u00e1sleduj\u00edc\u00ed organizace p\u016fsob\u00ed ve m\u011bst\u011b Roztoky:<\/p>\n\n\n\n<ul class=\"wp-block-list\">\n<li>Sdru\u017een\u00ed rozto\u010d<\/li>\n\n\n\n<li>Roztock\u00e9 d\u011bti<\/li>\n<\/ul>\n","protected":false},"excerpt":{"rendered":"<p>N\u00e1sleduj\u00edc\u00ed organizace p\u016fsob\u00ed ve m\u011bst\u011b Roztoky:<\/p>\n","protected":false},"author":1,"featured_media":0,"parent":0,"menu_order":0,"comment_status":"closed","ping_status":"closed","template":"","meta":{"footnotes":""},"class_list":["post-64","page","type-page","status-publish","hentry"],"_links":{"self":[{"href":"https:\/\/wpschool.odnd.cz\/index.php?rest_route=\/wp\/v2\/pages\/64","targetHints":{"allow":["GET"]}}],"collection":[{"href":"https:\/\/wpschool.odnd.cz\/index.php?rest_route=\/wp\/v2\/pages"}],"about":[{"href":"https:\/\/wpschool.odnd.cz\/index.php?rest_route=\/wp\/v2\/types\/page"}],"author":[{"embeddable":true,"href":"https:\/\/wpschool.odnd.cz\/index.php?rest_route=\/wp\/v2\/users\/1"}],"replies":[{"embeddable":true,"href":"https:\/\/wpschool.odnd.cz\/index.php?rest_route=%2Fwp%2Fv2%2Fcomments&post=64"}],"version-history":[{"count":2,"href":"https:\/\/wpschool.odnd.cz\/index.php?rest_route=\/wp\/v2\/pages\/64\/revisions"}],"predecessor-version":[{"id":105,"href":"https:\/\/wpschool.odnd.cz\/index.php?rest_route=\/wp\/v2\/pages\/64\/revisions\/105"}],"wp:attachment":[{"href":"https:\/\/wpschool.odnd.cz\/index.php?rest_route=%2Fwp%2Fv2%2Fmedia&parent=64"}],"curies":[{"name":"wp","href":"https:\/\/api.w.org\/{rel}","templated":true}]}}