{"id":68,"date":"2025-03-11T13:25:26","date_gmt":"2025-03-11T11:25:26","guid":{"rendered":"https:\/\/wpschool.odnd.cz\/?page_id=68"},"modified":"2025-03-11T14:00:34","modified_gmt":"2025-03-11T12:00:34","slug":"domov","status":"publish","type":"page","link":"https:\/\/wpschool.odnd.cz\/","title":{"rendered":"Nav\u0161tivte m\u011bsto Roztoky!"},"content":{"rendered":"\n<div class=\"alignnormal\"><div id=\"metaslider-id-83\" style=\"width: 100%;\" class=\"ml-slider-3-96-0 metaslider metaslider-flex metaslider-83 ml-slider has-onhover-arrows ms-theme-default-base has-dots-nav\" role=\"region\" aria-roledescription=\"Slideshow\" aria-label=\"New Slideshow\">\n    <div id=\"metaslider_container_83\">\n        <div id=\"metaslider_83\">\n            <ul class='slides'>\n                <li style=\"display: block; width: 100%;\" class=\"slide-84 ms-image \" aria-roledescription=\"slide\" aria-label=\"slide-84\" data-date=\"2025-03-11 13:37:11\"><img fetchpriority=\"high\" decoding=\"async\" src=\"https:\/\/wpschool.odnd.cz\/wp-content\/uploads\/2025\/03\/2018-roztoky_01-900x450.jpg\" height=\"500\" width=\"1000\" alt=\"\" class=\"slider-83 slide-84\" title=\"2018-roztoky_01\" \/><\/li>\n                <li style=\"display: none; width: 100%;\" class=\"slide-85 ms-image \" aria-roledescription=\"slide\" aria-label=\"slide-85\" data-date=\"2025-03-11 13:37:11\"><img decoding=\"async\" src=\"https:\/\/wpschool.odnd.cz\/wp-content\/uploads\/2025\/03\/8WvBV6-400x200.jpeg\" height=\"500\" width=\"1000\" alt=\"\" class=\"slider-83 slide-85\" title=\"8WvBV6\" \/><\/li>\n                <li style=\"display: none; width: 100%;\" class=\"slide-86 ms-image \" aria-roledescription=\"slide\" aria-label=\"slide-86\" data-date=\"2025-03-11 13:37:11\"><img decoding=\"async\" src=\"https:\/\/wpschool.odnd.cz\/wp-content\/uploads\/2025\/03\/0ae0b853-fbfd-4b2f-baf9-7a3d9b579f59-1000x500.jpg\" height=\"500\" width=\"1000\" alt=\"\" class=\"slider-83 slide-86\" title=\"0ae0b853-fbfd-4b2f-baf9-7a3d9b579f59\" \/><\/li>\n                <li style=\"display: none; width: 100%;\" class=\"slide-87 ms-image \" aria-roledescription=\"slide\" aria-label=\"slide-87\" data-date=\"2025-03-11 13:37:11\"><img loading=\"lazy\" decoding=\"async\" src=\"https:\/\/wpschool.odnd.cz\/wp-content\/uploads\/2025\/03\/sm_ex_0254us-1000x500.jpg\" height=\"500\" width=\"1000\" alt=\"\" class=\"slider-83 slide-87\" title=\"st\u0159edo\u010desk\u00e9 muzeum, Roztoky u Prahy, otev\u0159en\u00ed po 12 letech, z\u00e1mek\" \/><div class=\"caption-wrap\"><div class=\"caption\">st\u0159edo\u010desk\u00e9 muzeum, Roztoky u Prahy, otev\u0159en\u00ed po 12 letech, z\u00e1mek<\/div><\/div><\/li>\n                <li style=\"display: none; width: 100%;\" class=\"slide-88 ms-image \" aria-roledescription=\"slide\" aria-label=\"slide-88\" data-date=\"2025-03-11 13:37:11\"><img loading=\"lazy\" decoding=\"async\" src=\"https:\/\/wpschool.odnd.cz\/wp-content\/uploads\/2025\/03\/Kostel_sv_klimenta_od_v-1-220x109.jpg\" height=\"500\" width=\"1000\" alt=\"\" class=\"slider-83 slide-88\" title=\"Kostel_sv_klimenta_od_v\" \/><\/li>\n                <li style=\"display: none; width: 100%;\" class=\"slide-89 ms-image \" aria-roledescription=\"slide\" aria-label=\"slide-89\" data-date=\"2025-03-11 13:37:11\"><img loading=\"lazy\" decoding=\"async\" src=\"https:\/\/wpschool.odnd.cz\/wp-content\/uploads\/2025\/03\/nadrazi-roztoky-u-prahy_denik-630-16x9-1-630x315.jpg\" height=\"500\" width=\"1000\" alt=\"\" class=\"slider-83 slide-89\" title=\"nadrazi-roztoky-u-prahy_denik-630-16x9\" \/><\/li>\n                <li style=\"display: none; width: 100%;\" class=\"slide-90 ms-image \" aria-roledescription=\"slide\" aria-label=\"slide-90\" data-date=\"2025-03-11 13:37:11\"><img loading=\"lazy\" decoding=\"async\" src=\"https:\/\/wpschool.odnd.cz\/wp-content\/uploads\/2025\/03\/Kostel_sv_klimenta_od_v-220x109.jpg\" height=\"500\" width=\"1000\" alt=\"\" class=\"slider-83 slide-90\" title=\"Kostel_sv_klimenta_od_v\" \/><\/li>\n            <\/ul>\n        <\/div>\n        \n    <\/div>\n<\/div><\/div>\n\n\n\n<p>Lorem ipsum dolor sit amet, consectetur adipiscing elit, sed do eiusmod tempor incididunt ut labore et dolore magna aliqua. Ut enim ad minim veniam, quis nostrud exercitation ullamco laboris nisi ut aliquip ex ea commodo consequat. Duis aute irure dolor in reprehenderit in voluptate velit esse cillum dolore eu fugiat nulla pariatur. Excepteur sint occaecat cupidatat non proident, sunt in culpa qui officia deserunt mollit anim id est laborum.<\/p>\n\n\n\n<p><\/p>\n","protected":false},"excerpt":{"rendered":"<p>Lorem ipsum dolor sit amet, consectetur adipiscing elit, sed do eiusmod tempor incididunt ut labore et dolore magna aliqua. Ut enim ad minim veniam, quis nostrud exercitation ullamco laboris nisi [&hellip;]<\/p>\n","protected":false},"author":1,"featured_media":0,"parent":0,"menu_order":0,"comment_status":"closed","ping_status":"closed","template":"","meta":{"footnotes":""},"class_list":["post-68","page","type-page","status-publish","hentry"],"_links":{"self":[{"href":"https:\/\/wpschool.odnd.cz\/index.php?rest_route=\/wp\/v2\/pages\/68","targetHints":{"allow":["GET"]}}],"collection":[{"href":"https:\/\/wpschool.odnd.cz\/index.php?rest_route=\/wp\/v2\/pages"}],"about":[{"href":"https:\/\/wpschool.odnd.cz\/index.php?rest_route=\/wp\/v2\/types\/page"}],"author":[{"embeddable":true,"href":"https:\/\/wpschool.odnd.cz\/index.php?rest_route=\/wp\/v2\/users\/1"}],"replies":[{"embeddable":true,"href":"https:\/\/wpschool.odnd.cz\/index.php?rest_route=%2Fwp%2Fv2%2Fcomments&post=68"}],"version-history":[{"count":5,"href":"https:\/\/wpschool.odnd.cz\/index.php?rest_route=\/wp\/v2\/pages\/68\/revisions"}],"predecessor-version":[{"id":94,"href":"https:\/\/wpschool.odnd.cz\/index.php?rest_route=\/wp\/v2\/pages\/68\/revisions\/94"}],"wp:attachment":[{"href":"https:\/\/wpschool.odnd.cz\/index.php?rest_route=%2Fwp%2Fv2%2Fmedia&parent=68"}],"curies":[{"name":"wp","href":"https:\/\/api.w.org\/{rel}","templated":true}]}}